{"id":1716,"date":"2024-02-22T15:22:48","date_gmt":"2024-02-22T18:22:48","guid":{"rendered":"https:\/\/ead.barueri.sp.gov.br\/?post_type=product&#038;p=1716"},"modified":"2025-07-30T11:18:25","modified_gmt":"2025-07-30T14:18:25","slug":"capacitacao-inicial","status":"publish","type":"product","link":"https:\/\/ead.barueri.sp.gov.br\/en\/product\/capacitacao-inicial\/","title":{"rendered":"Capacita\u00e7\u00e3o Inicial"},"content":{"rendered":"<p>Devido \u00e0 complexidade e o car\u00e1ter de inova\u00e7\u00e3o das solu\u00e7\u00f5es idealizadas, as atividades de cria\u00e7\u00e3o s\u00e3o interdisciplinares e colaborativas, exigindo o trabalho conjunto de pessoas de \u00e1reas como computa\u00e7\u00e3o, design, engenharia, telecomunica\u00e7\u00e3o, entre outros.<br \/>Essa capacita\u00e7\u00e3o segue com o intuito de preparar e desenvolver o conhecimento do estagi\u00e1rio sobre o ambiente no qual trabalhar\u00e1, integrando-o no CIT, Inova\u00e7\u00e3o Barueri e Tv Inova\u00e7\u00e3o Barueri.<\/p>","protected":false},"excerpt":{"rendered":"<p>Devido \u00e0 complexidade e o car\u00e1ter de inova\u00e7\u00e3o das solu\u00e7\u00f5es idealizadas, as atividades de cria\u00e7\u00e3o s\u00e3o interdisciplinares e colaborativas, exigindo o trabalho conjunto de pessoas de \u00e1reas como computa\u00e7\u00e3o, design, engenharia, telecomunica\u00e7\u00e3o, entre outros.Essa capacita\u00e7\u00e3o segue com o intuito de preparar e desenvolver o conhecimento do estagi\u00e1rio sobre o ambiente no qual trabalhar\u00e1, integrando-o no CIT, Inova\u00e7\u00e3o Barueri e Tv Inova\u00e7\u00e3o Barueri.<\/p>","protected":false},"featured_media":1717,"comment_status":"open","ping_status":"closed","template":"","meta":{"_acf_changed":false},"product_brand":[],"product_cat":[59,153],"product_tag":[],"class_list":{"0":"post-1716","1":"product","2":"type-product","3":"status-publish","4":"has-post-thumbnail","6":"product_cat-sem-categoria","7":"product_cat-estagiarios","9":"first","10":"instock","11":"shipping-taxable","12":"product-type-external"},"acf":[],"_links":{"self":[{"href":"https:\/\/ead.barueri.sp.gov.br\/en\/wp-json\/wp\/v2\/product\/1716","targetHints":{"allow":["GET"]}}],"collection":[{"href":"https:\/\/ead.barueri.sp.gov.br\/en\/wp-json\/wp\/v2\/product"}],"about":[{"href":"https:\/\/ead.barueri.sp.gov.br\/en\/wp-json\/wp\/v2\/types\/product"}],"replies":[{"embeddable":true,"href":"https:\/\/ead.barueri.sp.gov.br\/en\/wp-json\/wp\/v2\/comments?post=1716"}],"wp:featuredmedia":[{"embeddable":true,"href":"https:\/\/ead.barueri.sp.gov.br\/en\/wp-json\/wp\/v2\/media\/1717"}],"wp:attachment":[{"href":"https:\/\/ead.barueri.sp.gov.br\/en\/wp-json\/wp\/v2\/media?parent=1716"}],"wp:term":[{"taxonomy":"product_brand","embeddable":true,"href":"https:\/\/ead.barueri.sp.gov.br\/en\/wp-json\/wp\/v2\/product_brand?post=1716"},{"taxonomy":"product_cat","embeddable":true,"href":"https:\/\/ead.barueri.sp.gov.br\/en\/wp-json\/wp\/v2\/product_cat?post=1716"},{"taxonomy":"product_tag","embeddable":true,"href":"https:\/\/ead.barueri.sp.gov.br\/en\/wp-json\/wp\/v2\/product_tag?post=1716"}],"curies":[{"name":"wp","href":"https:\/\/api.w.org\/{rel}","templated":true}]}}