{"id":1714,"date":"2024-02-22T15:19:34","date_gmt":"2024-02-22T18:19:34","guid":{"rendered":"https:\/\/ead.barueri.sp.gov.br\/?post_type=product&#038;p=1714"},"modified":"2025-01-29T11:30:42","modified_gmt":"2025-01-29T14:30:42","slug":"etus-plataforma-de-agendamento-e-gestao-de-redes-sociais","status":"publish","type":"product","link":"https:\/\/ead.barueri.sp.gov.br\/en\/product\/etus-plataforma-de-agendamento-e-gestao-de-redes-sociais\/","title":{"rendered":"ETUS &#8211; Plataforma de Agendamento e Gest\u00e3o de Redes Sociais"},"content":{"rendered":"<p>O Etus \u00e9 uma ferramenta para gerenciar Instagram, Facebook, LinkedIn, YouTube, Twitter, Tumblr, Pinterest e Google My Business e ainda pode realizar integra\u00e7\u00e3o com plataformas como Google Analytics e Google Ads para potencializar ainda mais os relat\u00f3rios, an\u00e1lises e impulsionamentos<\/p>\n<p>Durante essa capacita\u00e7\u00e3o voc\u00ea conhecer\u00e1 e dominar\u00e1 a plataforma que utilizamos no Inova\u00e7\u00e3o para agendar publica\u00e7\u00f5es e stories, e tamb\u00e9m ensinar\u00e1 como efetuar relat\u00f3rios, Inbox, e Timeline na plataforma ETUS<\/p>","protected":false},"excerpt":{"rendered":"<p>O Etus \u00e9 uma ferramenta para gerenciar Instagram, Facebook, LinkedIn, YouTube, Twitter, Tumblr, Pinterest e Google My Business e ainda pode realizar integra\u00e7\u00e3o com plataformas como Google Analytics e Google Ads para potencializar ainda mais os relat\u00f3rios, an\u00e1lises e impulsionamentos Durante essa capacita\u00e7\u00e3o voc\u00ea conhecer\u00e1 e dominar\u00e1 a plataforma que utilizamos no Inova\u00e7\u00e3o para agendar publica\u00e7\u00f5es e stories, e tamb\u00e9m ensinar\u00e1 como efetuar relat\u00f3rios, Inbox, e Timeline na plataforma ETUS<\/p>","protected":false},"featured_media":1715,"comment_status":"open","ping_status":"closed","template":"","meta":{"_acf_changed":false},"product_brand":[],"product_cat":[153,148],"product_tag":[],"class_list":{"0":"post-1714","1":"product","2":"type-product","3":"status-publish","4":"has-post-thumbnail","6":"product_cat-estagiarios","7":"product_cat-softwares","9":"first","10":"instock","11":"shipping-taxable","12":"product-type-external"},"acf":[],"_links":{"self":[{"href":"https:\/\/ead.barueri.sp.gov.br\/en\/wp-json\/wp\/v2\/product\/1714","targetHints":{"allow":["GET"]}}],"collection":[{"href":"https:\/\/ead.barueri.sp.gov.br\/en\/wp-json\/wp\/v2\/product"}],"about":[{"href":"https:\/\/ead.barueri.sp.gov.br\/en\/wp-json\/wp\/v2\/types\/product"}],"replies":[{"embeddable":true,"href":"https:\/\/ead.barueri.sp.gov.br\/en\/wp-json\/wp\/v2\/comments?post=1714"}],"wp:featuredmedia":[{"embeddable":true,"href":"https:\/\/ead.barueri.sp.gov.br\/en\/wp-json\/wp\/v2\/media\/1715"}],"wp:attachment":[{"href":"https:\/\/ead.barueri.sp.gov.br\/en\/wp-json\/wp\/v2\/media?parent=1714"}],"wp:term":[{"taxonomy":"product_brand","embeddable":true,"href":"https:\/\/ead.barueri.sp.gov.br\/en\/wp-json\/wp\/v2\/product_brand?post=1714"},{"taxonomy":"product_cat","embeddable":true,"href":"https:\/\/ead.barueri.sp.gov.br\/en\/wp-json\/wp\/v2\/product_cat?post=1714"},{"taxonomy":"product_tag","embeddable":true,"href":"https:\/\/ead.barueri.sp.gov.br\/en\/wp-json\/wp\/v2\/product_tag?post=1714"}],"curies":[{"name":"wp","href":"https:\/\/api.w.org\/{rel}","templated":true}]}}