{"id":1712,"date":"2024-02-22T15:17:59","date_gmt":"2024-02-22T18:17:59","guid":{"rendered":"https:\/\/ead.barueri.sp.gov.br\/?post_type=product&#038;p=1712"},"modified":"2025-01-29T08:07:26","modified_gmt":"2025-01-29T11:07:26","slug":"tutorial-de-plataforma-de-trabalho-em-equipe-na-nuvem-trello-e-clickup","status":"publish","type":"product","link":"https:\/\/ead.barueri.sp.gov.br\/en\/product\/tutorial-de-plataforma-de-trabalho-em-equipe-na-nuvem-trello-e-clickup\/","title":{"rendered":"Tutorial de Plataforma de Trabalho em Equipe na Nuvem &#8211; Trello e Clickup"},"content":{"rendered":"<p>Durante esse curso, voc\u00ea ir\u00e1 aprender como manter a sua equipe mais organizada, fazendo com que nenhum dos projetos sejam esquecidos ou deixados de lado, utilizando a plataforma Trello e Clickup.<br \/>O Trello e Clickup s\u00e3o ferramentas visuais que possibilitam ao um time o gerenciamento de qualquer tipo de projeto, fluxo de trabalho ou monitoramento de tarefas.<br \/>Este curso tem o objetivo de ensinar uma forma eficiente e pr\u00e1tica de organiza\u00e7\u00e3o do trabalho em equipe na nuvem possibilitando que o mesmo possa ser feito de qualquer lugar (presencial, home office).<br \/>Os ensinamentos aqui presentes tamb\u00e9m podem ser aplicado a todos ambientes de trabalho (a atual plataforma de trabalho compartilhado do Inova\u00e7\u00e3o Barueri \u00e9 o Clickup).<\/p>\n<p><strong>Para quem \u00e9 este curso?<\/strong><br \/>Para os estagi\u00e1rios do Inova\u00e7\u00e3o Barueri e para aqueles que desejam aprender o uso da plataforma de trabalho compartilhado.<\/p>\n<p><strong>Este curso tem certifica\u00e7\u00e3o?<\/strong><br \/>Sim.<\/p>","protected":false},"excerpt":{"rendered":"<p>Durante esse curso, voc\u00ea ir\u00e1 aprender como manter a sua equipe mais organizada, fazendo com que nenhum dos projetos sejam esquecidos ou deixados de lado, utilizando a plataforma Trello e Clickup.O Trello e Clickup s\u00e3o ferramentas visuais que possibilitam ao um time o gerenciamento de qualquer tipo de projeto, fluxo de trabalho ou monitoramento de tarefas.Este curso tem o objetivo de ensinar uma forma eficiente e pr\u00e1tica de organiza\u00e7\u00e3o do trabalho em equipe na nuvem possibilitando que o mesmo possa ser feito de qualquer lugar (presencial, home office).Os ensinamentos aqui presentes tamb\u00e9m podem ser aplicado a todos ambientes de trabalho (a atual plataforma de trabalho compartilhado do Inova\u00e7\u00e3o Barueri \u00e9 o Clickup). Para quem \u00e9 este curso?Para os estagi\u00e1rios do Inova\u00e7\u00e3o Barueri e para aqueles que desejam aprender o uso da plataforma de trabalho compartilhado. Este curso tem certifica\u00e7\u00e3o?Sim.<\/p>","protected":false},"featured_media":1713,"comment_status":"open","ping_status":"closed","template":"","meta":{"_acf_changed":false},"product_brand":[],"product_cat":[153,220,151,148],"product_tag":[],"class_list":{"0":"post-1712","1":"product","2":"type-product","3":"status-publish","4":"has-post-thumbnail","6":"product_cat-estagiarios","7":"product_cat-externocidadao","8":"product_cat-para-todos","9":"product_cat-softwares","11":"first","12":"instock","13":"shipping-taxable","14":"product-type-external"},"acf":[],"_links":{"self":[{"href":"https:\/\/ead.barueri.sp.gov.br\/en\/wp-json\/wp\/v2\/product\/1712","targetHints":{"allow":["GET"]}}],"collection":[{"href":"https:\/\/ead.barueri.sp.gov.br\/en\/wp-json\/wp\/v2\/product"}],"about":[{"href":"https:\/\/ead.barueri.sp.gov.br\/en\/wp-json\/wp\/v2\/types\/product"}],"replies":[{"embeddable":true,"href":"https:\/\/ead.barueri.sp.gov.br\/en\/wp-json\/wp\/v2\/comments?post=1712"}],"wp:featuredmedia":[{"embeddable":true,"href":"https:\/\/ead.barueri.sp.gov.br\/en\/wp-json\/wp\/v2\/media\/1713"}],"wp:attachment":[{"href":"https:\/\/ead.barueri.sp.gov.br\/en\/wp-json\/wp\/v2\/media?parent=1712"}],"wp:term":[{"taxonomy":"product_brand","embeddable":true,"href":"https:\/\/ead.barueri.sp.gov.br\/en\/wp-json\/wp\/v2\/product_brand?post=1712"},{"taxonomy":"product_cat","embeddable":true,"href":"https:\/\/ead.barueri.sp.gov.br\/en\/wp-json\/wp\/v2\/product_cat?post=1712"},{"taxonomy":"product_tag","embeddable":true,"href":"https:\/\/ead.barueri.sp.gov.br\/en\/wp-json\/wp\/v2\/product_tag?post=1712"}],"curies":[{"name":"wp","href":"https:\/\/api.w.org\/{rel}","templated":true}]}}