{"id":1707,"date":"2024-02-22T15:07:03","date_gmt":"2024-02-22T18:07:03","guid":{"rendered":"https:\/\/ead.barueri.sp.gov.br\/?post_type=product&#038;p=1707"},"modified":"2025-01-29T05:30:13","modified_gmt":"2025-01-29T08:30:13","slug":"criacao-de-avatar-no-metaverso","status":"publish","type":"product","link":"https:\/\/ead.barueri.sp.gov.br\/en\/product\/criacao-de-avatar-no-metaverso\/","title":{"rendered":"Cria\u00e7\u00e3o de Avatar no Metaverso"},"content":{"rendered":"<p>Conhe\u00e7a mais sobre o metaverso<\/p>\n<p>O metaverso \u00e9 um novo universo totalmente online, onde proporciona uma experi\u00eancia imersiva com o uso das tecnologias de realidade virtual. Dentro dele \u00e9 poss\u00edvel interagir como avatar de outras pessoas, jogar e at\u00e9 mesmo trabalhar.<br \/>Voc\u00ea sabe quanto custa um terreno no metaverso? De acordo com a Techtudo, no OpenSea, um dos principais mercados de criptoativos, \u00e9 poss\u00edvel encontrar terrenos virtuais da Decentraland por valores que v\u00e3o desde 50 Ethereum \u2014 que equivalem a US$ 63 mil (R$ 330 mil, na cota\u00e7\u00e3o atual da moeda) \u2014 a 2 mil Ethereum \u2014 cerca de US$ 2,5 milh\u00f5es (R$ 13,1 milh\u00f5es, na cota\u00e7\u00e3o atual) (Techtudo, 10\/2022).<\/p>\n<p>O que vamos aprender?<br \/>Um avatar refere-se a um \u00edcone ou figura que representa uma pessoa em um videogame, plataforma de m\u00eddia social, etc. Em outras palavras, uma representa\u00e7\u00e3o sua na internet. Durante esse curso, voc\u00ea ir\u00e1 aprender a:<\/p>\n<p>Customizar o corpo e o rosto do seu avatar<br \/>Acessar a plataforma de cria\u00e7\u00e3o de avatar<br \/>Criar um avatar usando a intelig\u00eancia artificial<br \/>Inser\u00e7\u00e3o do avatar no Mozilla Hub<br \/>Como baixar os avatares para o Mozilla Hubs;<br \/>Entre outros;<\/p>\n<p>Tem certificado?<br \/>Sim!<\/p>","protected":false},"excerpt":{"rendered":"<p>Conhe\u00e7a mais sobre o metaverso O metaverso \u00e9 um novo universo totalmente online, onde proporciona uma experi\u00eancia imersiva com o uso das tecnologias de realidade virtual. Dentro dele \u00e9 poss\u00edvel interagir como avatar de outras pessoas, jogar e at\u00e9 mesmo trabalhar.Voc\u00ea sabe quanto custa um terreno no metaverso? De acordo com a Techtudo, no OpenSea, um dos principais mercados de criptoativos, \u00e9 poss\u00edvel encontrar terrenos virtuais da Decentraland por valores que v\u00e3o desde 50 Ethereum \u2014 que equivalem a US$ 63 mil (R$ 330 mil, na cota\u00e7\u00e3o atual da moeda) \u2014 a 2 mil Ethereum \u2014 cerca de US$ 2,5 milh\u00f5es (R$ 13,1 milh\u00f5es, na cota\u00e7\u00e3o atual) (Techtudo, 10\/2022). O que vamos aprender?Um avatar refere-se a um \u00edcone ou figura que representa uma pessoa em um videogame, plataforma de m\u00eddia social, etc. Em outras palavras, uma representa\u00e7\u00e3o sua na internet. Durante esse curso, voc\u00ea ir\u00e1 aprender a: Customizar o corpo e o rosto do seu avatarAcessar a plataforma de cria\u00e7\u00e3o de avatarCriar um avatar usando a intelig\u00eancia artificialInser\u00e7\u00e3o do avatar no Mozilla HubComo baixar os avatares para o Mozilla Hubs;Entre outros; Tem certificado?Sim!<\/p>","protected":false},"featured_media":1708,"comment_status":"open","ping_status":"closed","template":"","meta":{"_acf_changed":false},"product_brand":[],"product_cat":[145,153],"product_tag":[],"class_list":{"0":"post-1707","1":"product","2":"type-product","3":"status-publish","4":"has-post-thumbnail","6":"product_cat-metaverso","7":"product_cat-estagiarios","9":"first","10":"instock","11":"shipping-taxable","12":"product-type-external"},"acf":[],"_links":{"self":[{"href":"https:\/\/ead.barueri.sp.gov.br\/en\/wp-json\/wp\/v2\/product\/1707","targetHints":{"allow":["GET"]}}],"collection":[{"href":"https:\/\/ead.barueri.sp.gov.br\/en\/wp-json\/wp\/v2\/product"}],"about":[{"href":"https:\/\/ead.barueri.sp.gov.br\/en\/wp-json\/wp\/v2\/types\/product"}],"replies":[{"embeddable":true,"href":"https:\/\/ead.barueri.sp.gov.br\/en\/wp-json\/wp\/v2\/comments?post=1707"}],"wp:featuredmedia":[{"embeddable":true,"href":"https:\/\/ead.barueri.sp.gov.br\/en\/wp-json\/wp\/v2\/media\/1708"}],"wp:attachment":[{"href":"https:\/\/ead.barueri.sp.gov.br\/en\/wp-json\/wp\/v2\/media?parent=1707"}],"wp:term":[{"taxonomy":"product_brand","embeddable":true,"href":"https:\/\/ead.barueri.sp.gov.br\/en\/wp-json\/wp\/v2\/product_brand?post=1707"},{"taxonomy":"product_cat","embeddable":true,"href":"https:\/\/ead.barueri.sp.gov.br\/en\/wp-json\/wp\/v2\/product_cat?post=1707"},{"taxonomy":"product_tag","embeddable":true,"href":"https:\/\/ead.barueri.sp.gov.br\/en\/wp-json\/wp\/v2\/product_tag?post=1707"}],"curies":[{"name":"wp","href":"https:\/\/api.w.org\/{rel}","templated":true}]}}