{"id":1699,"date":"2024-02-22T14:46:09","date_gmt":"2024-02-22T17:46:09","guid":{"rendered":"https:\/\/ead.barueri.sp.gov.br\/?post_type=product&#038;p=1699"},"modified":"2025-01-29T11:28:24","modified_gmt":"2025-01-29T14:28:24","slug":"operacao-da-impressora-3d","status":"publish","type":"product","link":"https:\/\/ead.barueri.sp.gov.br\/en\/product\/operacao-da-impressora-3d\/","title":{"rendered":"Opera\u00e7\u00e3o da Impressora 3D"},"content":{"rendered":"<p>A impressora 3D \u00e9 um equipamento que transforma um arquivo 3D digital em uma pe\u00e7a f\u00edsica atrav\u00e9s da cria\u00e7\u00e3o de v\u00e1rias camadas sucessivas de material at\u00e9 ser completamente formada. A impressora 3D pode criar um objeto simples como um porta-celular, ou objetos mais complexos como aparelhos auditivos. No curso, voc\u00ea ir\u00e1 conhecer e aprender a como operar a impressora 3D que temos aqui no Inova\u00e7\u00e3o.<\/p>","protected":false},"excerpt":{"rendered":"<p>A impressora 3D \u00e9 um equipamento que transforma um arquivo 3D digital em uma pe\u00e7a f\u00edsica atrav\u00e9s da cria\u00e7\u00e3o de v\u00e1rias camadas sucessivas de material at\u00e9 ser completamente formada. A impressora 3D pode criar um objeto simples como um porta-celular, ou objetos mais complexos como aparelhos auditivos. No curso, voc\u00ea ir\u00e1 conhecer e aprender a como operar a impressora 3D que temos aqui no Inova\u00e7\u00e3o.<\/p>","protected":false},"featured_media":1703,"comment_status":"open","ping_status":"closed","template":"","meta":{"_acf_changed":false},"product_brand":[],"product_cat":[150,153,220,151],"product_tag":[],"class_list":{"0":"post-1699","1":"product","2":"type-product","3":"status-publish","4":"has-post-thumbnail","6":"product_cat-aparelhos-tecnicos","7":"product_cat-estagiarios","8":"product_cat-externocidadao","9":"product_cat-para-todos","11":"first","12":"instock","13":"shipping-taxable","14":"product-type-external"},"acf":[],"_links":{"self":[{"href":"https:\/\/ead.barueri.sp.gov.br\/en\/wp-json\/wp\/v2\/product\/1699","targetHints":{"allow":["GET"]}}],"collection":[{"href":"https:\/\/ead.barueri.sp.gov.br\/en\/wp-json\/wp\/v2\/product"}],"about":[{"href":"https:\/\/ead.barueri.sp.gov.br\/en\/wp-json\/wp\/v2\/types\/product"}],"replies":[{"embeddable":true,"href":"https:\/\/ead.barueri.sp.gov.br\/en\/wp-json\/wp\/v2\/comments?post=1699"}],"wp:featuredmedia":[{"embeddable":true,"href":"https:\/\/ead.barueri.sp.gov.br\/en\/wp-json\/wp\/v2\/media\/1703"}],"wp:attachment":[{"href":"https:\/\/ead.barueri.sp.gov.br\/en\/wp-json\/wp\/v2\/media?parent=1699"}],"wp:term":[{"taxonomy":"product_brand","embeddable":true,"href":"https:\/\/ead.barueri.sp.gov.br\/en\/wp-json\/wp\/v2\/product_brand?post=1699"},{"taxonomy":"product_cat","embeddable":true,"href":"https:\/\/ead.barueri.sp.gov.br\/en\/wp-json\/wp\/v2\/product_cat?post=1699"},{"taxonomy":"product_tag","embeddable":true,"href":"https:\/\/ead.barueri.sp.gov.br\/en\/wp-json\/wp\/v2\/product_tag?post=1699"}],"curies":[{"name":"wp","href":"https:\/\/api.w.org\/{rel}","templated":true}]}}