{"id":1636,"date":"2024-02-22T14:02:49","date_gmt":"2024-02-22T17:02:49","guid":{"rendered":"https:\/\/ead.barueri.sp.gov.br\/?post_type=product&#038;p=1636"},"modified":"2024-12-23T16:14:01","modified_gmt":"2024-12-23T19:14:01","slug":"criacao-de-ambientes-no-metaverso","status":"publish","type":"product","link":"https:\/\/ead.barueri.sp.gov.br\/en\/product\/criacao-de-ambientes-no-metaverso\/","title":{"rendered":"Cria\u00e7\u00e3o de Ambientes no Metaverso"},"content":{"rendered":"<p>O Curso de Cria\u00e7\u00e3o de Ambientes no Metaverso permite adquirir habilidades e conhecimentos essenciais para explorar o potencial do metaverso e se destacar no marketing digital. Sem a necessidade de \u00f3culos de realidade virtual, voc\u00ea aprender\u00e1 a criar espa\u00e7os virtuais personalizados e interativos.<\/p>\n<p>Com a capacidade de criar salas instantaneamente, voc\u00ea poder\u00e1 colaborar e se conectar com outros profissionais. A sele\u00e7\u00e3o e personaliza\u00e7\u00e3o de avatares fortalecem sua presen\u00e7a online, enquanto a grava\u00e7\u00e3o de aulas no metaverso facilita o aprendizado cont\u00ednuo.<\/p>\n<p><strong>O que voc\u00ea aprender\u00e1:<\/strong><br \/>Cria\u00e7\u00e3o de espa\u00e7os no metaverso sem a necessidade de \u00f3culos de realidade virtual.<br \/>Cria\u00e7\u00e3o instant\u00e2nea de salas para comunica\u00e7\u00e3o e colabora\u00e7\u00e3o.<br \/>Sele\u00e7\u00e3o e personaliza\u00e7\u00e3o de avatares para uma presen\u00e7a virtual imersiva.<br \/>Grava\u00e7\u00e3o de aulas no metaverso para revis\u00e3o e aprofundamento do conte\u00fado.<\/p>\n<p><strong>Requisitos:<\/strong><br \/>N\u00e3o \u00e9 necess\u00e1rio o uso de \u00f3culos de realidade virtual.<br \/>Familiaridade b\u00e1sica com tecnologia e uso de computadores.<br \/>Interesse em marketing digital e explora\u00e7\u00e3o de novas formas de intera\u00e7\u00e3o online<\/p>\n<p><strong>Para quem \u00e9 este curso?<\/strong><br \/>Para os estagi\u00e1rios do Inova\u00e7\u00e3o Barueri e para aqueles que desejam aprender sobre a Cria\u00e7\u00e3o de ambientes no Metaverso.<\/p>\n<p><strong>Tem certificado?<\/strong><br \/>Sim, ap\u00f3s a finaliza\u00e7\u00e3o do curso voc\u00ea deve acertar ao menos 70% dos exerc\u00edcios para receber seu certificado. O curso ainda est\u00e1 em desenvolvimento o certificado ser\u00e1 liberado ap\u00f3s a conclus\u00e3o de todos os m\u00f3dulos.<\/p>","protected":false},"excerpt":{"rendered":"<p>O Curso de Cria\u00e7\u00e3o de Ambientes no Metaverso permite adquirir habilidades e conhecimentos essenciais para explorar o potencial do metaverso e se destacar no marketing digital. Sem a necessidade de \u00f3culos de realidade virtual, voc\u00ea aprender\u00e1 a criar espa\u00e7os virtuais personalizados e interativos. Com a capacidade de criar salas instantaneamente, voc\u00ea poder\u00e1 colaborar e se conectar com outros profissionais. A sele\u00e7\u00e3o e personaliza\u00e7\u00e3o de avatares fortalecem sua presen\u00e7a online, enquanto a grava\u00e7\u00e3o de aulas no metaverso facilita o aprendizado cont\u00ednuo. O que voc\u00ea aprender\u00e1:Cria\u00e7\u00e3o de espa\u00e7os no metaverso sem a necessidade de \u00f3culos de realidade virtual.Cria\u00e7\u00e3o instant\u00e2nea de salas para comunica\u00e7\u00e3o e colabora\u00e7\u00e3o.Sele\u00e7\u00e3o e personaliza\u00e7\u00e3o de avatares para uma presen\u00e7a virtual imersiva.Grava\u00e7\u00e3o de aulas no metaverso para revis\u00e3o e aprofundamento do conte\u00fado. Requisitos:N\u00e3o \u00e9 necess\u00e1rio o uso de \u00f3culos de realidade virtual.Familiaridade b\u00e1sica com tecnologia e uso de computadores.Interesse em marketing digital e explora\u00e7\u00e3o de novas formas de intera\u00e7\u00e3o online Para quem \u00e9 este curso?Para os estagi\u00e1rios do Inova\u00e7\u00e3o Barueri e para aqueles que desejam aprender sobre a Cria\u00e7\u00e3o de ambientes no Metaverso. Tem certificado?Sim, ap\u00f3s a finaliza\u00e7\u00e3o do curso voc\u00ea deve acertar ao menos 70% dos exerc\u00edcios para receber seu certificado. O curso ainda est\u00e1 em desenvolvimento o certificado ser\u00e1 liberado ap\u00f3s a conclus\u00e3o de todos os m\u00f3dulos.<\/p>","protected":false},"featured_media":1695,"comment_status":"open","ping_status":"closed","template":"","meta":{"_acf_changed":false},"product_brand":[],"product_cat":[145,153,220,151],"product_tag":[],"class_list":{"0":"post-1636","1":"product","2":"type-product","3":"status-publish","4":"has-post-thumbnail","6":"product_cat-metaverso","7":"product_cat-estagiarios","8":"product_cat-externocidadao","9":"product_cat-para-todos","11":"first","12":"instock","13":"shipping-taxable","14":"product-type-external"},"acf":[],"_links":{"self":[{"href":"https:\/\/ead.barueri.sp.gov.br\/en\/wp-json\/wp\/v2\/product\/1636","targetHints":{"allow":["GET"]}}],"collection":[{"href":"https:\/\/ead.barueri.sp.gov.br\/en\/wp-json\/wp\/v2\/product"}],"about":[{"href":"https:\/\/ead.barueri.sp.gov.br\/en\/wp-json\/wp\/v2\/types\/product"}],"replies":[{"embeddable":true,"href":"https:\/\/ead.barueri.sp.gov.br\/en\/wp-json\/wp\/v2\/comments?post=1636"}],"wp:featuredmedia":[{"embeddable":true,"href":"https:\/\/ead.barueri.sp.gov.br\/en\/wp-json\/wp\/v2\/media\/1695"}],"wp:attachment":[{"href":"https:\/\/ead.barueri.sp.gov.br\/en\/wp-json\/wp\/v2\/media?parent=1636"}],"wp:term":[{"taxonomy":"product_brand","embeddable":true,"href":"https:\/\/ead.barueri.sp.gov.br\/en\/wp-json\/wp\/v2\/product_brand?post=1636"},{"taxonomy":"product_cat","embeddable":true,"href":"https:\/\/ead.barueri.sp.gov.br\/en\/wp-json\/wp\/v2\/product_cat?post=1636"},{"taxonomy":"product_tag","embeddable":true,"href":"https:\/\/ead.barueri.sp.gov.br\/en\/wp-json\/wp\/v2\/product_tag?post=1636"}],"curies":[{"name":"wp","href":"https:\/\/api.w.org\/{rel}","templated":true}]}}