{"id":1223,"date":"2024-02-02T15:04:35","date_gmt":"2024-02-02T18:04:35","guid":{"rendered":"https:\/\/ead.barueri.sp.gov.br\/?post_type=product&#038;p=1223"},"modified":"2025-01-29T06:06:50","modified_gmt":"2025-01-29T09:06:50","slug":"tecnico-de-plotter-de-recorte","status":"publish","type":"product","link":"https:\/\/ead.barueri.sp.gov.br\/en\/product\/tecnico-de-plotter-de-recorte\/","title":{"rendered":"T\u00e9cnico de Plotter de Recorte"},"content":{"rendered":"<p>Descri\u00e7\u00e3o do evento<br \/>A Plotter de Recorte uma m\u00e1quina de precis\u00e3o milim\u00e9trica, indicada para realizar cortes, grava\u00e7\u00f5es e desenhos em diversos tipos de materiais flex\u00edveis guiada atrav\u00e9s de um computador. Utilizando uma ponteira diamantada, uma l\u00e2mina, caneta ou ponteira de vinco. O que pode ser?<\/p>\n<p>Cria\u00e7\u00e3o de adesivos;<br \/>Recorte de tecidos para aplica\u00e7\u00e3o;<br \/>Fabrica\u00e7\u00e3o de placas em PVC ideais para sinaliza\u00e7\u00e3o;<br \/>Confec\u00e7\u00e3o de brindes e artigos decorativos;<br \/>Cria\u00e7\u00e3o de Impress\u00f5es 3D em papel;<br \/>Comunica\u00e7\u00e3o Visual;<br \/>Decora\u00e7\u00e3o em geral;<br \/>Decora\u00e7\u00e3o festas\/eventos;<br \/>Embalagens;<br \/>Personaliza\u00e7\u00e3o;<br \/>Corte de moldes para costura;<br \/>Estamparia;<br \/>Hobby.<\/p>\n<p>A Plotter de Recorte \u00e9 indicada para cortes de contorno de diversos materiais flex\u00edveis, como:<\/p>\n<p>Vinil Adesivo<br \/>Papel at\u00e9 450g<br \/>Vinil Adesivo Impresso<br \/>Papel Kraft 450g<br \/>Eva at\u00e9 1,8mm<br \/>Papel fotogr\u00e1fico com manta magn\u00e9tica<br \/>Papel sulfite, cartolina ou kraft<br \/>Feltro (at\u00e9 1,7mm)<br \/>Papel fotogr\u00e1fico 250 com BOPP<br \/>Papel Color Plus (Cores)<br \/>Emborrachado<br \/>Power Film<br \/>Insulfilm<br \/>Acetato<\/p>\n<p>Neste curso, voc\u00ea ir\u00e1 aprender o que \u00e9, suas fun\u00e7\u00f5es e o que podemos fazer com ela. Al\u00e9m disso, voc\u00ea ir\u00e1 aprender a como importar projetos e exportar documentos para a Plotter utilizando o software CorelDraw.<br \/>No fim deste curso, voc\u00ea estar\u00e1 apto para realizar diversos recortes, com varia\u00e7\u00e3o de formato e materiais!<\/p>","protected":false},"excerpt":{"rendered":"<p>Descri\u00e7\u00e3o do eventoA Plotter de Recorte uma m\u00e1quina de precis\u00e3o milim\u00e9trica, indicada para realizar cortes, grava\u00e7\u00f5es e desenhos em diversos tipos de materiais flex\u00edveis guiada atrav\u00e9s de um computador. Utilizando uma ponteira diamantada, uma l\u00e2mina, caneta ou ponteira de vinco. O que pode ser? Cria\u00e7\u00e3o de adesivos;Recorte de tecidos para aplica\u00e7\u00e3o;Fabrica\u00e7\u00e3o de placas em PVC ideais para sinaliza\u00e7\u00e3o;Confec\u00e7\u00e3o de brindes e artigos decorativos;Cria\u00e7\u00e3o de Impress\u00f5es 3D em papel;Comunica\u00e7\u00e3o Visual;Decora\u00e7\u00e3o em geral;Decora\u00e7\u00e3o festas\/eventos;Embalagens;Personaliza\u00e7\u00e3o;Corte de moldes para costura;Estamparia;Hobby. A Plotter de Recorte \u00e9 indicada para cortes de contorno de diversos materiais flex\u00edveis, como: Vinil AdesivoPapel at\u00e9 450gVinil Adesivo ImpressoPapel Kraft 450gEva at\u00e9 1,8mmPapel fotogr\u00e1fico com manta magn\u00e9ticaPapel sulfite, cartolina ou kraftFeltro (at\u00e9 1,7mm)Papel fotogr\u00e1fico 250 com BOPPPapel Color Plus (Cores)EmborrachadoPower FilmInsulfilmAcetato Neste curso, voc\u00ea ir\u00e1 aprender o que \u00e9, suas fun\u00e7\u00f5es e o que podemos fazer com ela. Al\u00e9m disso, voc\u00ea ir\u00e1 aprender a como importar projetos e exportar documentos para a Plotter utilizando o software CorelDraw.No fim deste curso, voc\u00ea estar\u00e1 apto para realizar diversos recortes, com varia\u00e7\u00e3o de formato e materiais!<\/p>","protected":false},"featured_media":1224,"comment_status":"open","ping_status":"closed","template":"","meta":{"_acf_changed":false},"product_brand":[],"product_cat":[150,153,220,151],"product_tag":[],"class_list":{"0":"post-1223","1":"product","2":"type-product","3":"status-publish","4":"has-post-thumbnail","6":"product_cat-aparelhos-tecnicos","7":"product_cat-estagiarios","8":"product_cat-externocidadao","9":"product_cat-para-todos","11":"first","12":"instock","13":"shipping-taxable","14":"product-type-external"},"acf":[],"_links":{"self":[{"href":"https:\/\/ead.barueri.sp.gov.br\/en\/wp-json\/wp\/v2\/product\/1223","targetHints":{"allow":["GET"]}}],"collection":[{"href":"https:\/\/ead.barueri.sp.gov.br\/en\/wp-json\/wp\/v2\/product"}],"about":[{"href":"https:\/\/ead.barueri.sp.gov.br\/en\/wp-json\/wp\/v2\/types\/product"}],"replies":[{"embeddable":true,"href":"https:\/\/ead.barueri.sp.gov.br\/en\/wp-json\/wp\/v2\/comments?post=1223"}],"wp:featuredmedia":[{"embeddable":true,"href":"https:\/\/ead.barueri.sp.gov.br\/en\/wp-json\/wp\/v2\/media\/1224"}],"wp:attachment":[{"href":"https:\/\/ead.barueri.sp.gov.br\/en\/wp-json\/wp\/v2\/media?parent=1223"}],"wp:term":[{"taxonomy":"product_brand","embeddable":true,"href":"https:\/\/ead.barueri.sp.gov.br\/en\/wp-json\/wp\/v2\/product_brand?post=1223"},{"taxonomy":"product_cat","embeddable":true,"href":"https:\/\/ead.barueri.sp.gov.br\/en\/wp-json\/wp\/v2\/product_cat?post=1223"},{"taxonomy":"product_tag","embeddable":true,"href":"https:\/\/ead.barueri.sp.gov.br\/en\/wp-json\/wp\/v2\/product_tag?post=1223"}],"curies":[{"name":"wp","href":"https:\/\/api.w.org\/{rel}","templated":true}]}}