{"id":1221,"date":"2024-02-02T14:41:53","date_gmt":"2024-02-02T17:41:53","guid":{"rendered":"https:\/\/ead.barueri.sp.gov.br\/?post_type=product&#038;p=1221"},"modified":"2025-06-04T07:19:52","modified_gmt":"2025-06-04T10:19:52","slug":"plataforma-obs-operacao-da-tv-inovacao-barueri","status":"publish","type":"product","link":"https:\/\/ead.barueri.sp.gov.br\/en\/product\/plataforma-obs-operacao-da-tv-inovacao-barueri\/","title":{"rendered":"Plataforma OBS &#8211; Opera\u00e7\u00e3o da TV Inova\u00e7\u00e3o Barueri"},"content":{"rendered":"<p>O OBS Studio \u00e9 um programa utilizado para transmiss\u00e3o de v\u00eddeo ao vivo na Internet, sendo poss\u00edvel incluir m\u00faltiplas c\u00e2meras, trilha sonora, efeitos visuais e textos nas lives. O software est\u00e1 dispon\u00edvel para download no Windows (PC), Mac OS e Linux, e disp\u00f5e de duas vers\u00f5es: 32 e 64 bits.<br \/>Durante essa capacita\u00e7\u00e3o voc\u00ea conhecer\u00e1 e dominar\u00e1 a plataforma que utilizamos no Inova\u00e7\u00e3o para gerenciar as transmiss\u00f5es ao vivo, e retransmiss\u00f5es de eventos e programa em redes sociais e no youtube.<\/p>","protected":false},"excerpt":{"rendered":"<p>O OBS Studio \u00e9 um programa utilizado para transmiss\u00e3o de v\u00eddeo ao vivo na Internet, sendo poss\u00edvel incluir m\u00faltiplas c\u00e2meras, trilha sonora, efeitos visuais e textos nas lives. O software est\u00e1 dispon\u00edvel para download no Windows (PC), Mac OS e Linux, e disp\u00f5e de duas vers\u00f5es: 32 e 64 bits.Durante essa capacita\u00e7\u00e3o voc\u00ea conhecer\u00e1 e dominar\u00e1 a plataforma que utilizamos no Inova\u00e7\u00e3o para gerenciar as transmiss\u00f5es ao vivo, e retransmiss\u00f5es de eventos e programa em redes sociais e no youtube.<\/p>","protected":false},"featured_media":1222,"comment_status":"open","ping_status":"closed","template":"","meta":{"_acf_changed":false},"product_brand":[],"product_cat":[153,148],"product_tag":[],"class_list":{"0":"post-1221","1":"product","2":"type-product","3":"status-publish","4":"has-post-thumbnail","6":"product_cat-estagiarios","7":"product_cat-softwares","9":"first","10":"instock","11":"shipping-taxable","12":"product-type-external"},"acf":[],"_links":{"self":[{"href":"https:\/\/ead.barueri.sp.gov.br\/en\/wp-json\/wp\/v2\/product\/1221","targetHints":{"allow":["GET"]}}],"collection":[{"href":"https:\/\/ead.barueri.sp.gov.br\/en\/wp-json\/wp\/v2\/product"}],"about":[{"href":"https:\/\/ead.barueri.sp.gov.br\/en\/wp-json\/wp\/v2\/types\/product"}],"replies":[{"embeddable":true,"href":"https:\/\/ead.barueri.sp.gov.br\/en\/wp-json\/wp\/v2\/comments?post=1221"}],"wp:featuredmedia":[{"embeddable":true,"href":"https:\/\/ead.barueri.sp.gov.br\/en\/wp-json\/wp\/v2\/media\/1222"}],"wp:attachment":[{"href":"https:\/\/ead.barueri.sp.gov.br\/en\/wp-json\/wp\/v2\/media?parent=1221"}],"wp:term":[{"taxonomy":"product_brand","embeddable":true,"href":"https:\/\/ead.barueri.sp.gov.br\/en\/wp-json\/wp\/v2\/product_brand?post=1221"},{"taxonomy":"product_cat","embeddable":true,"href":"https:\/\/ead.barueri.sp.gov.br\/en\/wp-json\/wp\/v2\/product_cat?post=1221"},{"taxonomy":"product_tag","embeddable":true,"href":"https:\/\/ead.barueri.sp.gov.br\/en\/wp-json\/wp\/v2\/product_tag?post=1221"}],"curies":[{"name":"wp","href":"https:\/\/api.w.org\/{rel}","templated":true}]}}