{"id":1219,"date":"2024-02-02T14:29:51","date_gmt":"2024-02-02T17:29:51","guid":{"rendered":"https:\/\/ead.barueri.sp.gov.br\/?post_type=product&#038;p=1219"},"modified":"2025-01-29T10:06:29","modified_gmt":"2025-01-29T13:06:29","slug":"google-dashboards","status":"publish","type":"product","link":"https:\/\/ead.barueri.sp.gov.br\/en\/product\/google-dashboards\/","title":{"rendered":"Google Dashboards"},"content":{"rendered":"<p>Voc\u00ea j\u00e1 sabe que os dados s\u00e3o aliados do marketing digital, n\u00e3o \u00e9? Eles permitem criar estrat\u00e9gias mais eficientes, porque trazem informa\u00e7\u00f5es valiosas sobre o mercado, os seus clientes, os concorrentes e a sua pr\u00f3pria empresa.<br \/>\u00c9 ai que entra o Google Data Studio, uma ferramenta do Google que permite criar gr\u00e1ficos, tabelas e mapas usando dados presentes em diversos programas, tanto do Google quanto de parceiros.<br \/>Durante o curso, voc\u00ea ir\u00e1 aprender \u00e0:<br \/>O que \u00e9 o google Data Studio e para que ele serve;<br \/>Como criar um dashboard;<br \/>Como a dicionar fontes de dados;<br \/>Como montar dashboard;<br \/>Como manusear as ferramentas;<br \/>Como atualizar a planilha e o dashboard;<br \/>Como compartilhar dashboard;<br \/>Como programar entrega de e-mail;<\/p>","protected":false},"excerpt":{"rendered":"<p>Voc\u00ea j\u00e1 sabe que os dados s\u00e3o aliados do marketing digital, n\u00e3o \u00e9? Eles permitem criar estrat\u00e9gias mais eficientes, porque trazem informa\u00e7\u00f5es valiosas sobre o mercado, os seus clientes, os concorrentes e a sua pr\u00f3pria empresa.\u00c9 ai que entra o Google Data Studio, uma ferramenta do Google que permite criar gr\u00e1ficos, tabelas e mapas usando dados presentes em diversos programas, tanto do Google quanto de parceiros.Durante o curso, voc\u00ea ir\u00e1 aprender \u00e0:O que \u00e9 o google Data Studio e para que ele serve;Como criar um dashboard;Como a dicionar fontes de dados;Como montar dashboard;Como manusear as ferramentas;Como atualizar a planilha e o dashboard;Como compartilhar dashboard;Como programar entrega de e-mail;<\/p>","protected":false},"featured_media":1220,"comment_status":"open","ping_status":"closed","template":"","meta":{"_acf_changed":false},"product_brand":[],"product_cat":[154,220,151,148],"product_tag":[],"class_list":{"0":"post-1219","1":"product","2":"type-product","3":"status-publish","4":"has-post-thumbnail","6":"product_cat-organizacao","7":"product_cat-externocidadao","8":"product_cat-para-todos","9":"product_cat-softwares","11":"first","12":"instock","13":"shipping-taxable","14":"product-type-external"},"acf":[],"_links":{"self":[{"href":"https:\/\/ead.barueri.sp.gov.br\/en\/wp-json\/wp\/v2\/product\/1219","targetHints":{"allow":["GET"]}}],"collection":[{"href":"https:\/\/ead.barueri.sp.gov.br\/en\/wp-json\/wp\/v2\/product"}],"about":[{"href":"https:\/\/ead.barueri.sp.gov.br\/en\/wp-json\/wp\/v2\/types\/product"}],"replies":[{"embeddable":true,"href":"https:\/\/ead.barueri.sp.gov.br\/en\/wp-json\/wp\/v2\/comments?post=1219"}],"wp:featuredmedia":[{"embeddable":true,"href":"https:\/\/ead.barueri.sp.gov.br\/en\/wp-json\/wp\/v2\/media\/1220"}],"wp:attachment":[{"href":"https:\/\/ead.barueri.sp.gov.br\/en\/wp-json\/wp\/v2\/media?parent=1219"}],"wp:term":[{"taxonomy":"product_brand","embeddable":true,"href":"https:\/\/ead.barueri.sp.gov.br\/en\/wp-json\/wp\/v2\/product_brand?post=1219"},{"taxonomy":"product_cat","embeddable":true,"href":"https:\/\/ead.barueri.sp.gov.br\/en\/wp-json\/wp\/v2\/product_cat?post=1219"},{"taxonomy":"product_tag","embeddable":true,"href":"https:\/\/ead.barueri.sp.gov.br\/en\/wp-json\/wp\/v2\/product_tag?post=1219"}],"curies":[{"name":"wp","href":"https:\/\/api.w.org\/{rel}","templated":true}]}}