{"id":1216,"date":"2024-02-02T14:07:23","date_gmt":"2024-02-02T17:07:23","guid":{"rendered":"https:\/\/ead.barueri.sp.gov.br\/?post_type=product&#038;p=1216"},"modified":"2025-01-29T12:08:31","modified_gmt":"2025-01-29T15:08:31","slug":"produtividade-extrema-5-0","status":"publish","type":"product","link":"https:\/\/ead.barueri.sp.gov.br\/en\/product\/produtividade-extrema-5-0\/","title":{"rendered":"Produtividade Extrema 5.0"},"content":{"rendered":"<p><strong>TRANSFORMA\u00c7AO QUE ENTREGA:\u00a0<\/strong>do zero a organiza\u00e7\u00e3o e planejamento das atividades pessoais e profissionais &#8211; bases de uma vida mais organizada e produtiva.<br \/>As pessoas se queixam da falta de tempo. Quer para cumprir as exig\u00eancias da sua vida profissional, quer para as conciliar com a vida pessoal ou familiar. Saber gerir o tempo \u00e9 apenas um problema de m\u00e9todo, disciplina e organiza\u00e7\u00e3o pessoal.<br \/>O tempo \u00e9 um recurso escasso e precioso e acabamos desperdi\u00e7ando este recurso simplesmente porque n\u00e3o existe muito controle sobre a pr\u00f3pria rotina.<br \/>A organiza\u00e7\u00e3o pessoal proporciona diversos benef\u00edcios para nossas vidas. Por\u00e9m, percebe-se que atualmente muitas pessoas n\u00e3o possuem, ou n\u00e3o exercem, o conhecimento acerca da organiza\u00e7\u00e3o pessoal, conhecimento este que certamente faz uma enorme diferen\u00e7a na qualidade de vida e influencia positivamente no crescimento de quem p\u00f5e em pr\u00e1tica o conhecimento.<br \/>Ser organizado \u00e9 fundamental para obter sucesso pessoal e profissional, pois, atrav\u00e9s da organiza\u00e7\u00e3o podemos administrar melhor nossas vidas, garantindo a realiza\u00e7\u00e3o das diversas atividades que precisam ser desenvolvidas e todas dentro do tempo previsto.<br \/>No curso online voc\u00ea aprender\u00e1 os principais conceitos relacionados \u00e0 organiza\u00e7\u00e3o pessoal, projetos e realiza\u00e7\u00e3o al\u00e9m do m\u00f3dulo b\u00f4nus com ferramentas para te ajudar a ser muito mais produtivo no whatsapp, o principal meio de comunica\u00e7\u00e3o escolhido pelos brasileiros.<br \/>Ter organiza\u00e7\u00e3o pessoal possibilita uma melhor gest\u00e3o do tempo e de recursos, fornecendo uma exponencial evolu\u00e7\u00e3o pessoal, e o curso visa ensinar para voc\u00ea estes conhecimentos.<br \/>Nosso objetivo \u00e9 apresentar nesta jornada de estudos para voc\u00ea administrar melhor suas atividades que v\u00e3o lhe proporcionar uma qualidade de vida melhor.<br \/>O curso mostrar\u00e1 como a organiza\u00e7\u00e3o pode trazer benef\u00edcios imediatos para seu dia a dia, e como o planejamento \u00e9 essencial para mudar o jeito de voc\u00ea lidar com suas tarefas.<\/p>\n<p><strong>Aten\u00e7\u00e3o:<\/strong><br \/>Expectativa X Realidade:<br \/>-&gt;Este curso \u00e9 voltado para h\u00e1bitos e organiza\u00e7\u00e3o pessoal com o objetivo de se tornar mais produtivo no seu dia a dia.<br \/>-&gt;Este curso n\u00e3o \u00e9 voltado para arruma\u00e7\u00e3o de casa.<\/p>\n<p><strong>P\u00fablico alvo:<\/strong><br \/>A partir de 14 anos<\/p>\n<p><strong>Para quem \u00e9 este curso?<\/strong><br \/>Estudantes que querem desvendar os segredos de como organizar sua rotina escolar, atividades pessoais e trabalho.<br \/>Empreendedores que desejam aprender como delegar tarefas de forma f\u00e1cil.<br \/>Funcion\u00e1rios\/Colaboradores que querem aprendem como organizar seu dia de forma a ser mais produtivo no trabalho e ter tempo para atividades pessoais (lazer,<br \/>esporte, cursos extras);<br \/>Pessoas que n\u00e3o sabem como organizar sua rotina di\u00e1ria e se sentem sempre perdidas.<br \/>Pessoas que est\u00e3o sempre esquecendo de fazer atividades devido a falta de organiza\u00e7\u00e3o.<br \/>Pessoas que desejam subir de n\u00edvel em sua carreira.<\/p>","protected":false},"excerpt":{"rendered":"<p>TRANSFORMA\u00c7AO QUE ENTREGA:\u00a0do zero a organiza\u00e7\u00e3o e planejamento das atividades pessoais e profissionais &#8211; bases de uma vida mais organizada e produtiva.As pessoas se queixam da falta de tempo. Quer para cumprir as exig\u00eancias da sua vida profissional, quer para as conciliar com a vida pessoal ou familiar. Saber gerir o tempo \u00e9 apenas um problema de m\u00e9todo, disciplina e organiza\u00e7\u00e3o pessoal.O tempo \u00e9 um recurso escasso e precioso e acabamos desperdi\u00e7ando este recurso simplesmente porque n\u00e3o existe muito controle sobre a pr\u00f3pria rotina.A organiza\u00e7\u00e3o pessoal proporciona diversos benef\u00edcios para nossas vidas. Por\u00e9m, percebe-se que atualmente muitas pessoas n\u00e3o possuem, ou n\u00e3o exercem, o conhecimento acerca da organiza\u00e7\u00e3o pessoal, conhecimento este que certamente faz uma enorme diferen\u00e7a na qualidade de vida e influencia positivamente no crescimento de quem p\u00f5e em pr\u00e1tica o conhecimento.Ser organizado \u00e9 fundamental para obter sucesso pessoal e profissional, pois, atrav\u00e9s da organiza\u00e7\u00e3o podemos administrar melhor nossas vidas, garantindo a realiza\u00e7\u00e3o das diversas atividades que precisam ser desenvolvidas e todas dentro do tempo previsto.No curso online voc\u00ea aprender\u00e1 os principais conceitos relacionados \u00e0 organiza\u00e7\u00e3o pessoal, projetos e realiza\u00e7\u00e3o al\u00e9m do m\u00f3dulo b\u00f4nus com ferramentas para te ajudar a ser muito mais produtivo no whatsapp, o principal meio de comunica\u00e7\u00e3o escolhido pelos brasileiros.Ter organiza\u00e7\u00e3o pessoal possibilita uma melhor gest\u00e3o do tempo e de recursos, fornecendo uma exponencial evolu\u00e7\u00e3o pessoal, e o curso visa ensinar para voc\u00ea estes conhecimentos.Nosso objetivo \u00e9 apresentar nesta jornada de estudos para voc\u00ea administrar melhor suas atividades que v\u00e3o lhe proporcionar uma qualidade de vida melhor.O curso mostrar\u00e1 como a organiza\u00e7\u00e3o pode trazer benef\u00edcios imediatos para seu dia a dia, e como o planejamento \u00e9 essencial para mudar o jeito de voc\u00ea lidar com suas tarefas. Aten\u00e7\u00e3o:Expectativa X Realidade:-&gt;Este curso \u00e9 voltado para h\u00e1bitos e organiza\u00e7\u00e3o pessoal com o objetivo de se tornar mais produtivo no seu dia a dia.-&gt;Este curso n\u00e3o \u00e9 voltado para arruma\u00e7\u00e3o de casa. P\u00fablico alvo:A partir de 14 anos Para quem \u00e9 este curso?Estudantes que querem desvendar os segredos de como organizar sua rotina escolar, atividades pessoais e trabalho.Empreendedores que desejam aprender como delegar tarefas de forma f\u00e1cil.Funcion\u00e1rios\/Colaboradores que querem aprendem como organizar seu dia de forma a ser mais produtivo no trabalho e ter tempo para atividades pessoais (lazer,esporte, cursos extras);Pessoas que n\u00e3o sabem como organizar sua rotina di\u00e1ria e se sentem sempre perdidas.Pessoas que est\u00e3o sempre esquecendo de fazer atividades devido a falta de organiza\u00e7\u00e3o.Pessoas que desejam subir de n\u00edvel em sua carreira.<\/p>","protected":false},"featured_media":1218,"comment_status":"open","ping_status":"closed","template":"","meta":{"_acf_changed":false},"product_brand":[],"product_cat":[154,149,220,151],"product_tag":[],"class_list":{"0":"post-1216","1":"product","2":"type-product","3":"status-publish","4":"has-post-thumbnail","6":"product_cat-organizacao","7":"product_cat-desenvolvimento-pessoal","8":"product_cat-externocidadao","9":"product_cat-para-todos","11":"first","12":"instock","13":"shipping-taxable","14":"product-type-external"},"acf":[],"_links":{"self":[{"href":"https:\/\/ead.barueri.sp.gov.br\/en\/wp-json\/wp\/v2\/product\/1216","targetHints":{"allow":["GET"]}}],"collection":[{"href":"https:\/\/ead.barueri.sp.gov.br\/en\/wp-json\/wp\/v2\/product"}],"about":[{"href":"https:\/\/ead.barueri.sp.gov.br\/en\/wp-json\/wp\/v2\/types\/product"}],"replies":[{"embeddable":true,"href":"https:\/\/ead.barueri.sp.gov.br\/en\/wp-json\/wp\/v2\/comments?post=1216"}],"wp:featuredmedia":[{"embeddable":true,"href":"https:\/\/ead.barueri.sp.gov.br\/en\/wp-json\/wp\/v2\/media\/1218"}],"wp:attachment":[{"href":"https:\/\/ead.barueri.sp.gov.br\/en\/wp-json\/wp\/v2\/media?parent=1216"}],"wp:term":[{"taxonomy":"product_brand","embeddable":true,"href":"https:\/\/ead.barueri.sp.gov.br\/en\/wp-json\/wp\/v2\/product_brand?post=1216"},{"taxonomy":"product_cat","embeddable":true,"href":"https:\/\/ead.barueri.sp.gov.br\/en\/wp-json\/wp\/v2\/product_cat?post=1216"},{"taxonomy":"product_tag","embeddable":true,"href":"https:\/\/ead.barueri.sp.gov.br\/en\/wp-json\/wp\/v2\/product_tag?post=1216"}],"curies":[{"name":"wp","href":"https:\/\/api.w.org\/{rel}","templated":true}]}}