{"id":1181,"date":"2024-02-01T13:51:18","date_gmt":"2024-02-01T16:51:18","guid":{"rendered":"https:\/\/ead.barueri.sp.gov.br\/?post_type=product&#038;p=1181"},"modified":"2025-09-16T15:58:57","modified_gmt":"2025-09-16T18:58:57","slug":"curso-no-metaverso-internet-e-marketing-digital","status":"publish","type":"product","link":"https:\/\/ead.barueri.sp.gov.br\/en\/product\/curso-no-metaverso-internet-e-marketing-digital\/","title":{"rendered":"CURSO NO METAVERSO: Internet e Marketing Digital"},"content":{"rendered":"<p><strong>Para quem \u00e9 este curso?<\/strong><\/p>\n<p>\u2013 Empres\u00e1rios, empreendedores, donos de empresas, blogueiros, YouTubers, f\u00e3s das Redes sociais;<br \/>\u2013 Pessoas que querem estar contextualizadas dos principais ingredientes para fazer marketing digital;<br \/>\u2013 Os donos de empresas que desejam usar o marketing digital (redes sociais, marketing de conte\u00fado, YouTube e muitas outras estrat\u00e9gias) para expandir seus neg\u00f3cios;<br \/>\u2013 Qualquer pessoa que queira fazer o seu marketing pessoal ou de seu neg\u00f3cio;<br \/>\u2013 Funcion\u00e1rios\/estagi\u00e1rios da prefeitura que cuidam das redes sociais ou do marketing digital da secretaria;<br \/>\u2013 Pessoas que j\u00e1 trabalham com internet e desejam descobrir formas mais r\u00e1pidas e produtivas de cria\u00e7\u00e3o de conte\u00fado com o uso de intelig\u00eancia artificial;<br \/>\u2013 Pessoas que desejam conhecer e entrar no metaverso;<br \/>\u2013 Pessoas que desejam aprender como usar a intelig\u00eancia artificial no seu dia a dia.<\/p>\n<p><strong>O que voc\u00ea aprender\u00e1:<\/strong><\/p>\n<p>Este INOVADOR curso te far\u00e1 aprender a como entrar no metaverso.<br \/>Ao final do curso, o aluno compreender\u00e1 os conceitos de marketing digital, que ser\u00e3o a base para um bom desempenho pessoal ou profissional, na era em que TUDO \u00e9 conte\u00fado e que cada pessoa \u00e9 UMA MARCA.<br \/>Use as redes sociais em benef\u00edcio de seus neg\u00f3cios e aumente seu desempenho.<br \/>Aprender os conceitos b\u00e1sicos sobre redes sociais e m\u00eddias sociais e marketing digital.<br \/>aprender\u00e1 de forma global os conceitos que est\u00e3o em alta atualmente como: redes sociais, cria\u00e7\u00e3o de conte\u00fado, branding, tr\u00e1fego, expert, lan\u00e7amento, design gr\u00e1fico, copywriting, webdesign e-commerce.<br \/>Apreender\u00e1 a criar artes para redes sociais mesmo sem ter nenhum conhecimento na \u00e1rea<br \/>Cria\u00e7\u00e3o de site de forma simples e descomplicada mesmo que n\u00e3o haja conhecimento pr\u00e9vio no assunto.<br \/>Aprender\u00e1 novas formas de produzir conte\u00fado atrav\u00e9s do uso da intelig\u00eancia artificial mesmo que n\u00e3o haja conhecimento pr\u00e9vio no assunto.<br \/>Como usar ferramentas automatizadoras para fazer o trabalho de gest\u00e3o de redes sociais muito mais produtivo.<br \/>Criar seu 1\u00ba post patrocinado usando o tr\u00e1fego pago.<br \/>Criar copywriting usando intelig\u00eancia artificial.<\/p>\n<p><strong>D\u00favidas comuns:<\/strong><\/p>\n<p>Consigo fazer o curso apenas utilizando meu celular?<br \/>Sim<br \/>No meu certificado constar\u00e1 que o curso foi feito no metaverso?<br \/>Sim<br \/>Para fazer o curso no metaverso \u00e9 preciso estes \u00f3culos de realidade aumentada?<br \/>N\u00e3o \u00e9 necess\u00e1rio usar \u00f3culos de realidade aumentada, mas se voc\u00ea tiver e desejar usar, voc\u00ea poder\u00e1 e ter\u00e1 uma experi\u00eancia muito mais divertida e imersiva.<br \/>Quais materiais preciso para fazer este curso?<br \/>Voc\u00ea precisar\u00e1 de um celular ou computador com acesso a internet. Os programas que usaremos durante o curso s\u00e3o na sua maioria gratuitos e mesmo os programas pagos ter\u00e3o uma alternativa no modo gratuito.<\/p>\n<p><strong>Requisitos<\/strong><\/p>\n<p>N\u00e3o \u00e9 necess\u00e1rio conhecimento pr\u00e9vio de marketing nem de marketing digital<br \/>Voc\u00ea deve estar pronto para agir, colocar na pr\u00e1tica e ver resultados reais!<br \/>O desejo de dominar as redes sociais e o marketing digital<br \/>Desejo de aprender sobre intelig\u00eancia artificial<\/p>\n<p><strong>Observa\u00e7\u00e3o:<\/strong><\/p>\n<p>Para uma melhor experi\u00eancia no metaverso \u00e9 indiciado ter um dispositivo com 4GB ou mais de mem\u00f3ria RAM e um processador de 8\u00b0 \u00e0 12\u00b0 gera\u00e7\u00e3o. Ao entrar na sala aguarde alguns segundos para o v\u00eddeo ser carregado.<\/p>","protected":false},"excerpt":{"rendered":"<p>Do zero ao Atual &#8211; Pr\u00e1tico<\/p>","protected":false},"featured_media":1182,"comment_status":"open","ping_status":"closed","template":"","meta":{"_acf_changed":false},"product_brand":[],"product_cat":[204,220,146,145,151,147],"product_tag":[],"class_list":{"0":"post-1181","1":"product","2":"type-product","3":"status-publish","4":"has-post-thumbnail","6":"product_cat-design","7":"product_cat-externocidadao","8":"product_cat-marketing","9":"product_cat-metaverso","10":"product_cat-para-todos","11":"product_cat-redes-sociais","13":"first","14":"instock","15":"shipping-taxable","16":"product-type-external"},"acf":[],"_links":{"self":[{"href":"https:\/\/ead.barueri.sp.gov.br\/en\/wp-json\/wp\/v2\/product\/1181","targetHints":{"allow":["GET"]}}],"collection":[{"href":"https:\/\/ead.barueri.sp.gov.br\/en\/wp-json\/wp\/v2\/product"}],"about":[{"href":"https:\/\/ead.barueri.sp.gov.br\/en\/wp-json\/wp\/v2\/types\/product"}],"replies":[{"embeddable":true,"href":"https:\/\/ead.barueri.sp.gov.br\/en\/wp-json\/wp\/v2\/comments?post=1181"}],"wp:featuredmedia":[{"embeddable":true,"href":"https:\/\/ead.barueri.sp.gov.br\/en\/wp-json\/wp\/v2\/media\/1182"}],"wp:attachment":[{"href":"https:\/\/ead.barueri.sp.gov.br\/en\/wp-json\/wp\/v2\/media?parent=1181"}],"wp:term":[{"taxonomy":"product_brand","embeddable":true,"href":"https:\/\/ead.barueri.sp.gov.br\/en\/wp-json\/wp\/v2\/product_brand?post=1181"},{"taxonomy":"product_cat","embeddable":true,"href":"https:\/\/ead.barueri.sp.gov.br\/en\/wp-json\/wp\/v2\/product_cat?post=1181"},{"taxonomy":"product_tag","embeddable":true,"href":"https:\/\/ead.barueri.sp.gov.br\/en\/wp-json\/wp\/v2\/product_tag?post=1181"}],"curies":[{"name":"wp","href":"https:\/\/api.w.org\/{rel}","templated":true}]}}