{"id":33162,"date":"2025-01-14T17:00:41","date_gmt":"2025-01-14T20:00:41","guid":{"rendered":"https:\/\/ead.barueri.sp.gov.br\/?page_id=33162"},"modified":"2025-01-23T13:04:03","modified_gmt":"2025-01-23T16:04:03","slug":"33162-2","status":"publish","type":"page","link":"https:\/\/ead.barueri.sp.gov.br\/en\/33162-2\/","title":{"rendered":""},"content":{"rendered":"<div data-elementor-type=\"wp-page\" data-elementor-id=\"33162\" class=\"elementor elementor-33162\">\n\t\t\t\t\t\t<section class=\"elementor-section elementor-top-section elementor-element elementor-element-9bb2db5 elementor-section-boxed elementor-section-height-default elementor-section-height-default wpr-particle-no wpr-jarallax-no wpr-parallax-no wpr-sticky-section-no\" data-id=\"9bb2db5\" data-element_type=\"section\">\n\t\t\t\t\t\t<div class=\"elementor-container elementor-column-gap-default\">\n\t\t\t\t\t<div class=\"elementor-column elementor-col-100 elementor-top-column elementor-element elementor-element-642c448\" data-id=\"642c448\" data-element_type=\"column\">\n\t\t\t<div class=\"elementor-widget-wrap elementor-element-populated\">\n\t\t\t\t\t\t<div class=\"elementor-element elementor-element-de2023b elementor-widget-laptop__width-initial wpr-advanced-text-style-animated wpr-fancy-text-typing wpr-animated-text-infinite-yes elementor-invisible elementor-widget elementor-widget-wpr-advanced-text\" data-id=\"de2023b\" data-element_type=\"widget\" data-settings=\"{&quot;_animation&quot;:&quot;slideInRight&quot;,&quot;_animation_delay&quot;:100,&quot;anim_loop&quot;:&quot;yes&quot;}\" data-widget_type=\"wpr-advanced-text.default\">\n\t\t\t\t<div class=\"elementor-widget-container\">\n\t\t\t\t\t\n\t\t<h3 class=\"wpr-advanced-text\">\n\n\t\t\t\t\t\n\t\t\t\t\t\t\t<span class=\"wpr-advanced-text-preffix\">Aparelhos T\u00e9cnicos<\/br><\/span>\n\t\t\t\n\t\t<span class=\"wpr-anim-text wpr-anim-text-type-typing wpr-anim-text-letters\" data-anim-duration=\"200,2000\" data-anim-loop=\"yes\">\n\t\t\t<span class=\"wpr-anim-text-inner\">\n\t\t\t\t\t\t\t<\/span>\n\t\t\t\t\t<\/span>\n\n\t\t\t\t\n\t\t<\/h3>\n\t\t\n\t\t\t\t\t\t<\/div>\n\t\t\t\t<\/div>\n\t\t\t\t<div class=\"elementor-element elementor-element-1fca934 elementor-widget elementor-widget-text-editor\" data-id=\"1fca934\" data-element_type=\"widget\" data-widget_type=\"text-editor.default\">\n\t\t\t\t<div class=\"elementor-widget-container\">\n\t\t\t\t\t\t\t\t\t<p>Cursos sobre manuseio de dispositivos t\u00e9cnicos.<\/p>\t\t\t\t\t\t\t\t<\/div>\n\t\t\t\t<\/div>\n\t\t\t\t\t<\/div>\n\t\t<\/div>\n\t\t\t\t\t<\/div>\n\t\t<\/section>\n\t\t\t\t<section class=\"elementor-section elementor-top-section elementor-element elementor-element-631ea54 elementor-section-boxed elementor-section-height-default elementor-section-height-default wpr-particle-no wpr-jarallax-no wpr-parallax-no wpr-sticky-section-no\" data-id=\"631ea54\" data-element_type=\"section\">\n\t\t\t\t\t\t<div class=\"elementor-container elementor-column-gap-default\">\n\t\t\t\t\t<div class=\"elementor-column elementor-col-100 elementor-top-column elementor-element elementor-element-7af89f9\" data-id=\"7af89f9\" data-element_type=\"column\">\n\t\t\t<div class=\"elementor-widget-wrap elementor-element-populated\">\n\t\t\t\t\t\t<div class=\"elementor-element elementor-element-015377b elementor-widget elementor-widget-shortcode\" data-id=\"015377b\" data-element_type=\"widget\" data-widget_type=\"shortcode.default\">\n\t\t\t\t<div class=\"elementor-widget-container\">\n\t\t\t\t\t\t\t<div class=\"elementor-shortcode\"><div class=\"woocommerce columns-4\"><ul class=\"products columns-4\">\n<li class=\"product type-product post-49011 status-publish first instock product_cat-aparelhos-tecnicos product_cat-estagiarios product_cat-externocidadao product_cat-funcionarios product_cat-robotica has-post-thumbnail shipping-taxable product-type-external\">\n\t<a href=\"https:\/\/ead.barueri.sp.gov.br\/en\/product\/curso-de-eletronica-construcao-de-painel-solar-utilizando-leds\/\" class=\"woocommerce-LoopProduct-link woocommerce-loop-product__link\"><img fetchpriority=\"high\" decoding=\"async\" width=\"300\" height=\"169\" src=\"https:\/\/ead.barueri.sp.gov.br\/wp-content\/uploads\/2025\/05\/Construcao-300x169.jpg\" class=\"attachment-woocommerce_thumbnail size-woocommerce_thumbnail\" alt=\"CURSO DE ELETR\u00d4NICA - Constru\u00e7\u00e3o de painel solar utilizando LEDS\" srcset=\"https:\/\/ead.barueri.sp.gov.br\/wp-content\/uploads\/2025\/05\/Construcao-300x169.jpg 300w, https:\/\/ead.barueri.sp.gov.br\/wp-content\/uploads\/2025\/05\/Construcao-1024x576.jpg 1024w, https:\/\/ead.barueri.sp.gov.br\/wp-content\/uploads\/2025\/05\/Construcao-768x432.jpg 768w, https:\/\/ead.barueri.sp.gov.br\/wp-content\/uploads\/2025\/05\/Construcao-1536x864.jpg 1536w, https:\/\/ead.barueri.sp.gov.br\/wp-content\/uploads\/2025\/05\/Construcao-18x10.jpg 18w, https:\/\/ead.barueri.sp.gov.br\/wp-content\/uploads\/2025\/05\/Construcao-600x338.jpg 600w, https:\/\/ead.barueri.sp.gov.br\/wp-content\/uploads\/2025\/05\/Construcao.jpg 1920w\" sizes=\"(max-width: 300px) 100vw, 300px\" \/><h2 class=\"woocommerce-loop-product__title\">CURSO DE ELETR\u00d4NICA &#8211; Constru\u00e7\u00e3o de painel solar utilizando LEDS<\/h2>\n<\/a><a title='Quick View' class='shopengine-quickview-trigger se-btn'\n\t\t\t\t\tdata-source-url='https:\/\/ead.barueri.sp.gov.br\/en\/product\/curso-de-eletronica-construcao-de-painel-solar-utilizando-leds\/'\n\t\t\t\t\thref='https:\/\/ead.barueri.sp.gov.br\/en\/product\/curso-de-eletronica-construcao-de-painel-solar-utilizando-leds\/'>\n\t\t\t\t\t<i class=\"shopengine-icon-quick_view_1\"><\/i>\n\t\t\t\t<\/a><a href=\"https:\/\/www.sympla.com.br\/curso-de-eletronica---construcao-de-painel-solar-utilizando-leds__2538192?token=b2398967dec65775e0a88b2497673a19\" aria-describedby=\"woocommerce_loop_add_to_cart_link_describedby_49011\" data-quantity=\"1\" class=\"button product_type_external\" data-product_id=\"49011\" data-product_sku=\"curso-de-eletronica\" aria-label=\"Buy \u201cCURSO DE ELETR\u00d4NICA - Constru\u00e7\u00e3o de painel solar utilizando LEDS\u201d\" rel=\"nofollow\" data-no-translation=\"\" data-trp-gettext=\"\" data-no-translation-aria-label=\"\">Buy product<\/a>\t<span id=\"woocommerce_loop_add_to_cart_link_describedby_49011\" class=\"screen-reader-text\">\n\t\t\t<\/span>\n<\/li>\n<li class=\"product type-product post-1778 status-publish instock product_cat-externocidadao product_cat-para-todos product_cat-robotica has-post-thumbnail shipping-taxable product-type-external\">\n\t<a href=\"https:\/\/ead.barueri.sp.gov.br\/en\/product\/curso-de-robotica-robo-seguidor-de-linha\/\" class=\"woocommerce-LoopProduct-link woocommerce-loop-product__link\"><img decoding=\"async\" width=\"300\" height=\"169\" src=\"https:\/\/ead.barueri.sp.gov.br\/wp-content\/uploads\/2024\/02\/Curso_de_Robotica_Robo_Seguidor_de_Linha-300x169.png\" class=\"attachment-woocommerce_thumbnail size-woocommerce_thumbnail\" alt=\"Curso de Rob\u00f3tica - Rob\u00f4 Seguidor de Linha\" srcset=\"https:\/\/ead.barueri.sp.gov.br\/wp-content\/uploads\/2024\/02\/Curso_de_Robotica_Robo_Seguidor_de_Linha-300x169.png 300w, https:\/\/ead.barueri.sp.gov.br\/wp-content\/uploads\/2024\/02\/Curso_de_Robotica_Robo_Seguidor_de_Linha-600x338.png 600w, https:\/\/ead.barueri.sp.gov.br\/wp-content\/uploads\/2024\/02\/Curso_de_Robotica_Robo_Seguidor_de_Linha-1024x576.png 1024w, https:\/\/ead.barueri.sp.gov.br\/wp-content\/uploads\/2024\/02\/Curso_de_Robotica_Robo_Seguidor_de_Linha-768x432.png 768w, https:\/\/ead.barueri.sp.gov.br\/wp-content\/uploads\/2024\/02\/Curso_de_Robotica_Robo_Seguidor_de_Linha-1536x864.png 1536w, https:\/\/ead.barueri.sp.gov.br\/wp-content\/uploads\/2024\/02\/Curso_de_Robotica_Robo_Seguidor_de_Linha.png 1920w\" sizes=\"(max-width: 300px) 100vw, 300px\" \/><h2 class=\"woocommerce-loop-product__title\">Curso de Rob\u00f3tica &#8211; Rob\u00f4 Seguidor de Linha<\/h2>\n<\/a><a title='Quick View' class='shopengine-quickview-trigger se-btn'\n\t\t\t\t\tdata-source-url='https:\/\/ead.barueri.sp.gov.br\/en\/product\/curso-de-robotica-robo-seguidor-de-linha\/'\n\t\t\t\t\thref='https:\/\/ead.barueri.sp.gov.br\/en\/product\/curso-de-robotica-robo-seguidor-de-linha\/'>\n\t\t\t\t\t<i class=\"shopengine-icon-quick_view_1\"><\/i>\n\t\t\t\t<\/a><a href=\"https:\/\/www.sympla.com.br\/play\/curso-de-robotica-robo-seguidor-de-linha\/2045187\" aria-describedby=\"woocommerce_loop_add_to_cart_link_describedby_1778\" data-quantity=\"1\" class=\"button product_type_external\" data-product_id=\"1778\" data-product_sku=\"curso-de-robotica-robo-seguidor-de-linha\" aria-label=\"Buy \u201cCurso de Rob\u00f3tica - Rob\u00f4 Seguidor de Linha\u201d\" rel=\"nofollow\" data-no-translation=\"\" data-trp-gettext=\"\" data-no-translation-aria-label=\"\">Buy product<\/a>\t<span id=\"woocommerce_loop_add_to_cart_link_describedby_1778\" class=\"screen-reader-text\">\n\t\t\t<\/span>\n<\/li>\n<li class=\"product type-product post-33353 status-publish instock product_cat-aparelhos-tecnicos product_cat-estagiarios product_cat-operador-de-tv product_cat-radio-e-podcast has-post-thumbnail shipping-taxable product-type-external\">\n\t<a href=\"https:\/\/ead.barueri.sp.gov.br\/en\/product\/curso-operacao-de-tv-programacao-24h-no-ar\/\" class=\"woocommerce-LoopProduct-link woocommerce-loop-product__link\"><img decoding=\"async\" width=\"300\" height=\"169\" src=\"https:\/\/ead.barueri.sp.gov.br\/wp-content\/uploads\/2025\/03\/Operacao-de-TV-Banner-300x169.png\" class=\"attachment-woocommerce_thumbnail size-woocommerce_thumbnail\" alt=\"Curso Opera\u00e7\u00e3o de TV - Programa\u00e7\u00e3o 24h no ar\" srcset=\"https:\/\/ead.barueri.sp.gov.br\/wp-content\/uploads\/2025\/03\/Operacao-de-TV-Banner-300x169.png 300w, https:\/\/ead.barueri.sp.gov.br\/wp-content\/uploads\/2025\/03\/Operacao-de-TV-Banner-1024x576.png 1024w, https:\/\/ead.barueri.sp.gov.br\/wp-content\/uploads\/2025\/03\/Operacao-de-TV-Banner-768x432.png 768w, https:\/\/ead.barueri.sp.gov.br\/wp-content\/uploads\/2025\/03\/Operacao-de-TV-Banner-1536x864.png 1536w, https:\/\/ead.barueri.sp.gov.br\/wp-content\/uploads\/2025\/03\/Operacao-de-TV-Banner-2048x1152.png 2048w, https:\/\/ead.barueri.sp.gov.br\/wp-content\/uploads\/2025\/03\/Operacao-de-TV-Banner-18x10.png 18w, https:\/\/ead.barueri.sp.gov.br\/wp-content\/uploads\/2025\/03\/Operacao-de-TV-Banner-600x338.png 600w\" sizes=\"(max-width: 300px) 100vw, 300px\" \/><h2 class=\"woocommerce-loop-product__title\">Curso Opera\u00e7\u00e3o de TV &#8211; Programa\u00e7\u00e3o 24h no ar<\/h2>\n<\/a><a title='Quick View' class='shopengine-quickview-trigger se-btn'\n\t\t\t\t\tdata-source-url='https:\/\/ead.barueri.sp.gov.br\/en\/product\/curso-operacao-de-tv-programacao-24h-no-ar\/'\n\t\t\t\t\thref='https:\/\/ead.barueri.sp.gov.br\/en\/product\/curso-operacao-de-tv-programacao-24h-no-ar\/'>\n\t\t\t\t\t<i class=\"shopengine-icon-quick_view_1\"><\/i>\n\t\t\t\t<\/a><a href=\"https:\/\/www.sympla.com.br\/play\/tv-inovacao-barueri---programacao-24h-no-ar\/2121945?token=c660cda4db7f01dfd53805eca1492467\" aria-describedby=\"woocommerce_loop_add_to_cart_link_describedby_33353\" data-quantity=\"1\" class=\"button product_type_external\" data-product_id=\"33353\" data-product_sku=\"curso\" aria-label=\"Buy \u201cCurso Opera\u00e7\u00e3o de TV - Programa\u00e7\u00e3o 24h no ar\u201d\" rel=\"nofollow\" data-no-translation=\"\" data-trp-gettext=\"\" data-no-translation-aria-label=\"\">Buy product<\/a>\t<span id=\"woocommerce_loop_add_to_cart_link_describedby_33353\" class=\"screen-reader-text\">\n\t\t\t<\/span>\n<\/li>\n<li class=\"product type-product post-32717 status-publish last instock product_cat-aparelhos-tecnicos product_cat-avatar product_cat-criacao-de-apps-sites product_cat-criacao-de-jogo product_cat-desenvolvimento-pessoal product_cat-design product_cat-estagiarios product_cat-holograma product_cat-impressao-3d product_cat-informatica product_cat-ia product_cat-marketing product_cat-metaverso product_cat-operador-de-tv product_cat-organizacao product_cat-plotter product_cat-radio-e-podcast product_cat-redes-sociais product_cat-robotica product_cat-saude product_cat-softwares has-post-thumbnail shipping-taxable product-type-external\">\n\t<a href=\"https:\/\/ead.barueri.sp.gov.br\/en\/product\/curso-programa-de-desenvolvimento-de-talentos-estagiarios\/\" class=\"woocommerce-LoopProduct-link woocommerce-loop-product__link\"><img loading=\"lazy\" decoding=\"async\" width=\"300\" height=\"169\" src=\"https:\/\/ead.barueri.sp.gov.br\/wp-content\/uploads\/2024\/12\/667daa9ac92a0-xs-300x169.png\" class=\"attachment-woocommerce_thumbnail size-woocommerce_thumbnail\" alt=\"CURSO: Programa de Desenvolvimento de Talentos - Estagi\u00e1rios\" srcset=\"https:\/\/ead.barueri.sp.gov.br\/wp-content\/uploads\/2024\/12\/667daa9ac92a0-xs-300x169.png 300w, https:\/\/ead.barueri.sp.gov.br\/wp-content\/uploads\/2024\/12\/667daa9ac92a0-xs-18x10.png 18w, https:\/\/ead.barueri.sp.gov.br\/wp-content\/uploads\/2024\/12\/667daa9ac92a0-xs.png 599w\" sizes=\"(max-width: 300px) 100vw, 300px\" \/><h2 class=\"woocommerce-loop-product__title\">CURSO: Programa de Desenvolvimento de Talentos &#8211; Estagi\u00e1rios<\/h2>\n<\/a><a title='Quick View' class='shopengine-quickview-trigger se-btn'\n\t\t\t\t\tdata-source-url='https:\/\/ead.barueri.sp.gov.br\/en\/product\/curso-programa-de-desenvolvimento-de-talentos-estagiarios\/'\n\t\t\t\t\thref='https:\/\/ead.barueri.sp.gov.br\/en\/product\/curso-programa-de-desenvolvimento-de-talentos-estagiarios\/'>\n\t\t\t\t\t<i class=\"shopengine-icon-quick_view_1\"><\/i>\n\t\t\t\t<\/a><a href=\"https:\/\/www.sympla.com.br\/play\/curso-programa-de-desenvolvimento-de-talentos-estagiarios\/2341393\" aria-describedby=\"woocommerce_loop_add_to_cart_link_describedby_32717\" data-quantity=\"1\" class=\"button product_type_external\" data-product_id=\"32717\" data-product_sku=\"curso-programa-de-desenvolvimento-de-talentos-estagiarios\" aria-label=\"Buy \u201cCURSO: Programa de Desenvolvimento de Talentos - Estagi\u00e1rios\u201d\" rel=\"nofollow\" data-no-translation=\"\" data-trp-gettext=\"\" data-no-translation-aria-label=\"\">Buy product<\/a>\t<span id=\"woocommerce_loop_add_to_cart_link_describedby_32717\" class=\"screen-reader-text\">\n\t\t\t<\/span>\n<\/li>\n<li class=\"product type-product post-1699 status-publish first instock product_cat-aparelhos-tecnicos product_cat-estagiarios product_cat-externocidadao product_cat-para-todos has-post-thumbnail shipping-taxable product-type-external\">\n\t<a href=\"https:\/\/ead.barueri.sp.gov.br\/en\/product\/operacao-da-impressora-3d\/\" class=\"woocommerce-LoopProduct-link woocommerce-loop-product__link\"><img loading=\"lazy\" decoding=\"async\" width=\"300\" height=\"169\" src=\"https:\/\/ead.barueri.sp.gov.br\/wp-content\/uploads\/2024\/02\/impressora3d-300x169.png\" class=\"attachment-woocommerce_thumbnail size-woocommerce_thumbnail\" alt=\"Opera\u00e7\u00e3o da Impressora 3D\" srcset=\"https:\/\/ead.barueri.sp.gov.br\/wp-content\/uploads\/2024\/02\/impressora3d-300x169.png 300w, https:\/\/ead.barueri.sp.gov.br\/wp-content\/uploads\/2024\/02\/impressora3d-600x338.png 600w, https:\/\/ead.barueri.sp.gov.br\/wp-content\/uploads\/2024\/02\/impressora3d-1024x577.png 1024w, https:\/\/ead.barueri.sp.gov.br\/wp-content\/uploads\/2024\/02\/impressora3d-768x433.png 768w, https:\/\/ead.barueri.sp.gov.br\/wp-content\/uploads\/2024\/02\/impressora3d.png 1399w\" sizes=\"(max-width: 300px) 100vw, 300px\" \/><h2 class=\"woocommerce-loop-product__title\">Opera\u00e7\u00e3o da Impressora 3D<\/h2>\n<\/a><a title='Quick View' class='shopengine-quickview-trigger se-btn'\n\t\t\t\t\tdata-source-url='https:\/\/ead.barueri.sp.gov.br\/en\/product\/operacao-da-impressora-3d\/'\n\t\t\t\t\thref='https:\/\/ead.barueri.sp.gov.br\/en\/product\/operacao-da-impressora-3d\/'>\n\t\t\t\t\t<i class=\"shopengine-icon-quick_view_1\"><\/i>\n\t\t\t\t<\/a><a href=\"https:\/\/www.sympla.com.br\/play\/operacao-da-impressora-3d\/1527568\" aria-describedby=\"woocommerce_loop_add_to_cart_link_describedby_1699\" data-quantity=\"1\" class=\"button product_type_external\" data-product_id=\"1699\" data-product_sku=\"operacao-da-impressora-3d\" aria-label=\"Buy \u201cOpera\u00e7\u00e3o da Impressora 3D\u201d\" rel=\"nofollow\" data-no-translation=\"\" data-trp-gettext=\"\" data-no-translation-aria-label=\"\">Buy product<\/a>\t<span id=\"woocommerce_loop_add_to_cart_link_describedby_1699\" class=\"screen-reader-text\">\n\t\t\t<\/span>\n<\/li>\n<li class=\"product type-product post-1223 status-publish instock product_cat-aparelhos-tecnicos product_cat-estagiarios product_cat-externocidadao product_cat-para-todos has-post-thumbnail shipping-taxable product-type-external\">\n\t<a href=\"https:\/\/ead.barueri.sp.gov.br\/en\/product\/tecnico-de-plotter-de-recorte\/\" class=\"woocommerce-LoopProduct-link woocommerce-loop-product__link\"><img loading=\"lazy\" decoding=\"async\" width=\"300\" height=\"157\" src=\"https:\/\/ead.barueri.sp.gov.br\/wp-content\/uploads\/2024\/02\/plotter-300x157.png\" class=\"attachment-woocommerce_thumbnail size-woocommerce_thumbnail\" alt=\"T\u00e9cnico de Plotter de Recorte\" srcset=\"https:\/\/ead.barueri.sp.gov.br\/wp-content\/uploads\/2024\/02\/plotter-300x157.png 300w, https:\/\/ead.barueri.sp.gov.br\/wp-content\/uploads\/2024\/02\/plotter-600x314.png 600w, https:\/\/ead.barueri.sp.gov.br\/wp-content\/uploads\/2024\/02\/plotter-1024x536.png 1024w, https:\/\/ead.barueri.sp.gov.br\/wp-content\/uploads\/2024\/02\/plotter-768x402.png 768w, https:\/\/ead.barueri.sp.gov.br\/wp-content\/uploads\/2024\/02\/plotter.png 1400w\" sizes=\"(max-width: 300px) 100vw, 300px\" \/><h2 class=\"woocommerce-loop-product__title\">T\u00e9cnico de Plotter de Recorte<\/h2>\n<\/a><a title='Quick View' class='shopengine-quickview-trigger se-btn'\n\t\t\t\t\tdata-source-url='https:\/\/ead.barueri.sp.gov.br\/en\/product\/tecnico-de-plotter-de-recorte\/'\n\t\t\t\t\thref='https:\/\/ead.barueri.sp.gov.br\/en\/product\/tecnico-de-plotter-de-recorte\/'>\n\t\t\t\t\t<i class=\"shopengine-icon-quick_view_1\"><\/i>\n\t\t\t\t<\/a><a href=\"https:\/\/www.sympla.com.br\/play\/tecnico-de-plotter-de-recorte\/1732467\" aria-describedby=\"woocommerce_loop_add_to_cart_link_describedby_1223\" data-quantity=\"1\" class=\"button product_type_external\" data-product_id=\"1223\" data-product_sku=\"tecnico-de-plotter-de-recorte\" aria-label=\"Buy \u201cT\u00e9cnico de Plotter de Recorte\u201d\" rel=\"nofollow\" data-no-translation=\"\" data-trp-gettext=\"\" data-no-translation-aria-label=\"\">Buy product<\/a>\t<span id=\"woocommerce_loop_add_to_cart_link_describedby_1223\" class=\"screen-reader-text\">\n\t\t\t<\/span>\n<\/li>\n<\/ul>\n<\/div>\n\n\n<\/div>\n\t\t\t\t\t\t<\/div>\n\t\t\t\t<\/div>\n\t\t\t\t\t<\/div>\n\t\t<\/div>\n\t\t\t\t\t<\/div>\n\t\t<\/section>\n\t\t\t\t<\/div>","protected":false},"excerpt":{"rendered":"<p>Aparelhos T\u00e9cnicos Cursos sobre manuseio de dispositivos t\u00e9cnicos.<\/p>","protected":false},"author":1,"featured_media":0,"parent":0,"menu_order":0,"comment_status":"closed","ping_status":"closed","template":"","meta":{"_acf_changed":false,"footnotes":""},"class_list":["post-33162","page","type-page","status-publish","hentry"],"acf":[],"_links":{"self":[{"href":"https:\/\/ead.barueri.sp.gov.br\/en\/wp-json\/wp\/v2\/pages\/33162","targetHints":{"allow":["GET"]}}],"collection":[{"href":"https:\/\/ead.barueri.sp.gov.br\/en\/wp-json\/wp\/v2\/pages"}],"about":[{"href":"https:\/\/ead.barueri.sp.gov.br\/en\/wp-json\/wp\/v2\/types\/page"}],"author":[{"embeddable":true,"href":"https:\/\/ead.barueri.sp.gov.br\/en\/wp-json\/wp\/v2\/users\/1"}],"replies":[{"embeddable":true,"href":"https:\/\/ead.barueri.sp.gov.br\/en\/wp-json\/wp\/v2\/comments?post=33162"}],"version-history":[{"count":7,"href":"https:\/\/ead.barueri.sp.gov.br\/en\/wp-json\/wp\/v2\/pages\/33162\/revisions"}],"predecessor-version":[{"id":33234,"href":"https:\/\/ead.barueri.sp.gov.br\/en\/wp-json\/wp\/v2\/pages\/33162\/revisions\/33234"}],"wp:attachment":[{"href":"https:\/\/ead.barueri.sp.gov.br\/en\/wp-json\/wp\/v2\/media?parent=33162"}],"curies":[{"name":"wp","href":"https:\/\/api.w.org\/{rel}","templated":true}]}}